{"id":2339,"date":"2021-03-19T17:37:53","date_gmt":"2021-03-19T17:37:53","guid":{"rendered":"https:\/\/gowiththegnome.com\/contact-copy\/"},"modified":"2021-06-15T16:08:44","modified_gmt":"2021-06-15T16:08:44","slug":"contact-us","status":"publish","type":"page","link":"https:\/\/gowiththegnome.com\/es\/contact-us\/","title":{"rendered":"Cont\u00e1ctenos"},"content":{"rendered":"<div data-vc-full-width=\"true\" data-vc-full-width-init=\"false\" class=\"vc_row wpb_row vc_row-fluid\"><div class=\"wpb_column vc_column_container vc_col-sm-12\"><div class=\"vc_column-inner\"><div class=\"wpb_wrapper\"><div class=\"grd-empty-space\" style=\"\"><div class=\"grd_empty_space_lg visible-lg\"  style=\"height: 90px\"><\/div><div class=\"grd_empty_space_md visible-md visible-sm\"  style=\"height: 60px\"><\/div><div class=\"grd_empty_space_xs visible-xs\"  style=\"height: 30px\"><\/div><\/div><div class='col-xs-12 col-sm-12 no-padding grd-section-title sc-dark grd_title-type-2' >\r\n\t\t<h3 class='no-padding col-xs-12 col-sm-12 title' style='font-size: 30px; color: #2e2e2e'>Hola, aqu\u00ed puedes comunicarte con nosotros para cualquier consulta.<\/h3> <div class=\"no-padding col-xs-12 col-sm-12 desc\"><p>Para solicitar informaci\u00f3n sobre nuestros servicios, cont\u00e1ctenos a continuaci\u00f3n. Uno de nuestros amables representantes de ventas se comunicar\u00e1 con usted para concertar una cita o responder cualquier pregunta que tenga que no est\u00e9 cubierta aqu\u00ed en nuestro sitio web.<\/p><\/div> <\/div><div class=\"grd-empty-space\" style=\"\"><div class=\"grd_empty_space_lg visible-lg\"  style=\"height: 65px\"><\/div><div class=\"grd_empty_space_md visible-md visible-sm\"  style=\"height: 30px\"><\/div><div class=\"grd_empty_space_xs visible-xs\"  style=\"height: 20px\"><\/div><\/div><div class=\"grd-banner grd-banner-style-2\">\r\n\t\t\t\t\t\t\t\t<div class=\"image\"><img fetchpriority=\"high\" decoding=\"async\" class=\"\" src=\"https:\/\/gowiththegnome.com\/wp-content\/uploads\/2021\/05\/Get-in-touch-1024x470.jpg\" width=\"1024\" height=\"470\" alt=\"Get in touch\" title=\"Cont\u00e1ctenos\" \/><\/div>\r\n\t\t\t\t\t\t\t\t<div class=\"content\">\r\n\t\t\t\t\t\t\t\t\t<div class=\"icon-banner\"><span class='svg-icon' style='color:#fff443; font-size:65px;'><svg viewbox='0 0 20 20'><use xlink:href='#placeholders'><\/use><\/svg><\/span><\/div>\r\n\t\t\t\t\t\t\t\t\t<div class=\"descr\"> <span style=\"font-size: 24px;\">Sanford<\/span><\/p>\n<p><span style=\"font-size: 16px;\">370 Monroe Rd, FL 32771<\/span><\/p>\n<p>Estados Unidos de Am\u00e9rica<\/div>\r\n\t\t\t\t\t\t\t\t\t<div class=\"button\"><a href='javascript:void(0);'><span class='svg-icon arrow'><svg viewbox='0 0 20 20'><use xlink:href='#right-arrow'><\/use><\/svg><\/span><\/a><\/div>\r\n\t\t\t\t\t\t\t\t<\/div> \r\n\t\t\t\t\t\t\t<\/div><div class=\"grd-empty-space\" style=\"\"><div class=\"grd_empty_space_lg visible-lg\"  style=\"height: 90px\"><\/div><div class=\"grd_empty_space_md visible-md visible-sm\"  style=\"height: 60px\"><\/div><div class=\"grd_empty_space_xs visible-xs\"  style=\"height: 30px\"><\/div><\/div><\/div><\/div><\/div><\/div><div class=\"vc_row-full-width vc_clearfix\"><\/div><div class=\"vc_row wpb_row vc_row-fluid padding vc_custom_1533799645567\"><div class=\"wpb_column vc_column_container vc_col-sm-12 vc_col-lg-5 vc_col-md-5 vc_col-xs-12 vc_col-has-fill\"><div class=\"vc_column-inner vc_custom_1580461311316\"><div class=\"wpb_wrapper\"><div class=\"grd-empty-space\" style=\"\"><div class=\"grd_empty_space_lg visible-lg\"  style=\"height: 60px\"><\/div><div class=\"grd_empty_space_md visible-md visible-sm\"  style=\"height: 30px\"><\/div><div class=\"grd_empty_space_xs visible-xs\"  style=\"height: 20px\"><\/div><\/div><div class='col-xs-12 col-sm-12 no-padding grd-section-title sc-light grd_title-type-2' >\r\n\t\t<h3 class='no-padding col-xs-12 col-sm-12 title' style=' '>Contactos<\/h3> <div class=\"no-padding col-xs-12 col-sm-12 desc\"><p><\/p><\/div> <\/div><div class='grd-contact-box'><ul><li><p class='name'>Tel\u00e9fono*<\/p><p class='value'>800-408-TURF<\/p><\/li><li><p class='name'>Correo Electr\u00f3nico<\/p><p class='value'>info@gowiththegnome.com<\/p><\/li><li><p class='name'>Horario Laborable<\/p><\/li><li><p class='seasons'>Summer<\/p><p class='value'><span class='text-green'>(May to Nov): <\/span>Lunes - Viernes: 8:00 am - 5:00 pm<\/p><\/li><\/ul><\/div><div class=\"grd-empty-space\" style=\"\"><div class=\"grd_empty_space_lg visible-lg\"  style=\"height: 50px\"><\/div><div class=\"grd_empty_space_md visible-md visible-sm\"  style=\"height: 30px\"><\/div><div class=\"grd_empty_space_xs visible-xs\"  style=\"height: 20px\"><\/div><\/div><div class=\"grd-empty-space\" style=\"\"><div class=\"grd_empty_space_lg visible-lg\"  style=\"height: 50px\"><\/div><div class=\"grd_empty_space_md visible-md visible-sm\"  style=\"height: 30px\"><\/div><div class=\"grd_empty_space_xs visible-xs\"  style=\"height: 20px\"><\/div><\/div><\/div><\/div><\/div><div class=\"wpb_column vc_column_container vc_col-sm-12 vc_col-lg-7 vc_col-md-7 vc_col-xs-12 vc_col-has-fill\"><div class=\"vc_column-inner vc_custom_1534739878507\"><div class=\"wpb_wrapper\"><div class=\"grd-empty-space\" style=\"\"><div class=\"grd_empty_space_lg visible-lg\"  style=\"height: 32px\"><\/div><div class=\"grd_empty_space_md visible-md visible-sm\"  style=\"height: 20px\"><\/div><div class=\"grd_empty_space_xs visible-xs\"  style=\"height: 20px\"><\/div><\/div>\n\t<div class=\"wpb_text_column wpb_content_element\" >\n\t\t<div class=\"wpb_wrapper\">\n\t\t\t<p>No dude en hacer cualquier pregunta sobre paisajismo, jardiner\u00eda o control de plagas por tel\u00e9fono, o p\u00f3ngase en contacto a trav\u00e9s de nuestro formulario de contacto a continuaci\u00f3n.<\/p>\n\n\t\t<\/div>\n\t<\/div>\n<div class=\"grd-empty-space\" style=\"\"><div class=\"grd_empty_space_lg visible-lg\"  style=\"height: 30px\"><\/div><div class=\"grd_empty_space_md visible-md visible-sm\"  style=\"height: 20px\"><\/div><div class=\"grd_empty_space_xs visible-xs\"  style=\"height: 20px\"><\/div><\/div>\n<div class=\"wpcf7 no-js\" id=\"wpcf7-f2354-o1\" lang=\"en-US\" dir=\"ltr\" data-wpcf7-id=\"2354\">\n<div class=\"screen-reader-response\"><p role=\"status\" aria-live=\"polite\" aria-atomic=\"true\"><\/p> <ul><\/ul><\/div>\n<form action=\"\/es\/wp-json\/wp\/v2\/pages\/2339#wpcf7-f2354-o1\" method=\"post\" class=\"wpcf7-form init\" aria-label=\"Contact form\" novalidate=\"novalidate\" data-status=\"init\" data-trp-original-action=\"\/es\/wp-json\/wp\/v2\/pages\/2339#wpcf7-f2354-o1\">\n<fieldset class=\"hidden-fields-container\"><input type=\"hidden\" name=\"_wpcf7\" value=\"2354\" \/><input type=\"hidden\" name=\"_wpcf7_version\" value=\"6.1.5\" \/><input type=\"hidden\" name=\"_wpcf7_locale\" value=\"en_US\" \/><input type=\"hidden\" name=\"_wpcf7_unit_tag\" value=\"wpcf7-f2354-o1\" \/><input type=\"hidden\" name=\"_wpcf7_container_post\" value=\"0\" \/><input type=\"hidden\" name=\"_wpcf7_posted_data_hash\" value=\"\" \/><input type=\"hidden\" name=\"_wpcf7_recaptcha_response\" value=\"\" \/>\n<\/fieldset>\n<div class=\"row\">\n\t<div class=\"col-md-6\">\n\t\t<p><span class=\"wpcf7-form-control-wrap\" data-name=\"y-name\"><input size=\"40\" maxlength=\"400\" class=\"wpcf7-form-control wpcf7-text wpcf7-validates-as-required\" aria-required=\"true\" aria-invalid=\"false\" placeholder=\"Nombre*\" value=\"\" type=\"text\" name=\"y-name\" \/><\/span>\n\t\t<\/p>\n\t<\/div>\n\t<div class=\"col-md-6\">\n\t\t<p><span class=\"wpcf7-form-control-wrap\" data-name=\"email\"><input size=\"40\" maxlength=\"400\" class=\"wpcf7-form-control wpcf7-email wpcf7-validates-as-required wpcf7-text wpcf7-validates-as-email\" aria-required=\"true\" aria-invalid=\"false\" placeholder=\"Correo*\" value=\"\" type=\"email\" name=\"email\" \/><\/span>\n\t\t<\/p>\n\t<\/div>\n\t<div class=\"col-md-6\">\n\t\t<p><span class=\"wpcf7-form-control-wrap\" data-name=\"phone\"><input size=\"40\" maxlength=\"400\" class=\"wpcf7-form-control wpcf7-tel wpcf7-text wpcf7-validates-as-tel\" aria-invalid=\"false\" placeholder=\"Tel\u00e9fono*\" value=\"\" type=\"tel\" name=\"phone\" \/><\/span>\n\t\t<\/p>\n\t<\/div>\n\t<div class=\"col-md-6\">\n\t\t<p><span class=\"wpcf7-form-control-wrap\" data-name=\"subject\"><input size=\"40\" maxlength=\"400\" class=\"wpcf7-form-control wpcf7-text\" aria-invalid=\"false\" placeholder=\"Asunto\" value=\"\" type=\"text\" name=\"subject\" \/><\/span>\n\t\t<\/p>\n\t<\/div>\n\t<div class=\"col-md-12\">\n\t\t<p><span class=\"wpcf7-form-control-wrap\" data-name=\"message\"><textarea cols=\"40\" rows=\"10\" maxlength=\"2000\" class=\"wpcf7-form-control wpcf7-textarea\" aria-invalid=\"false\" placeholder=\"Mensaje\" name=\"message\"><\/textarea><\/span>\n\t\t<\/p>\n\t<\/div>\n<\/div>\n<p><input class=\"wpcf7-form-control wpcf7-submit has-spinner\" type=\"submit\" value=\"Enviar\" \/>\n<\/p><div class=\"wpcf7-response-output\" aria-hidden=\"true\"><\/div>\n<input type=\"hidden\" name=\"trp-form-language\" value=\"es\"\/><\/form>\n<\/div>\n<div class=\"grd-empty-space\" style=\"\"><div class=\"grd_empty_space_lg visible-lg\"  style=\"height: 32px\"><\/div><div class=\"grd_empty_space_md visible-md visible-sm\"  style=\"height: 20px\"><\/div><div class=\"grd_empty_space_xs visible-xs\"  style=\"height: 20px\"><\/div><\/div><\/div><\/div><\/div><\/div><div class=\"vc_row wpb_row vc_row-fluid\"><div class=\"wpb_column vc_column_container vc_col-sm-12\"><div class=\"vc_column-inner\"><div class=\"wpb_wrapper\"><div class=\"grd-empty-space\" style=\"\"><div class=\"grd_empty_space_lg visible-lg\"  style=\"height: 50px\"><\/div><div class=\"grd_empty_space_md visible-md visible-sm\"  style=\"height: 30px\"><\/div><div class=\"grd_empty_space_xs visible-xs\"  style=\"height: 20px\"><\/div><\/div><\/div><\/div><\/div><\/div><div data-vc-full-width=\"true\" data-vc-full-width-init=\"false\" data-vc-stretch-content=\"true\" class=\"vc_row wpb_row vc_row-fluid vc_custom_1616030237216 vc_row-has-fill vc_row-o-content-middle vc_row-flex\"><div class=\"wpb_column vc_column_container vc_col-sm-12 vc_hidden-lg vc_hidden-md vc_hidden-sm\"><div class=\"vc_column-inner\"><div class=\"wpb_wrapper\">\n\t<div  class=\"wpb_single_image wpb_content_element vc_align_center  vc_custom_1616031704404\">\n\t\t\n\t\t<figure class=\"wpb_wrapper vc_figure\">\n\t\t\t<div class=\"vc_single_image-wrapper   vc_box_border_grey\"><img decoding=\"async\" width=\"523\" height=\"457\" src=\"https:\/\/gowiththegnome.com\/wp-content\/uploads\/2021\/03\/gnome-peek_info-cel-bg-1.png\" class=\"vc_single_image-img attachment-full\" alt=\"\" srcset=\"https:\/\/gowiththegnome.com\/wp-content\/uploads\/2021\/03\/gnome-peek_info-cel-bg-1.png 523w, https:\/\/gowiththegnome.com\/wp-content\/uploads\/2021\/03\/gnome-peek_info-cel-bg-1-300x262.png 300w\" sizes=\"(max-width: 523px) 100vw, 523px\" \/><\/div>\n\t\t<\/figure>\n\t<\/div>\n<div class=\"vc_row wpb_row vc_inner vc_row-fluid vc_custom_1616026740085 vc_row-has-fill\"><div class=\"wpb_column vc_column_container vc_col-sm-12\"><div class=\"vc_column-inner\"><div class=\"wpb_wrapper\">\n\t<div class=\"wpb_text_column wpb_content_element  vc_custom_1616027964247\" >\n\t\t<div class=\"wpb_wrapper\">\n\t\t\t<h3 style=\"text-align: center; line-height: 0.5;\"><span style=\"color: #112e1a;\">Escoge a<\/span><\/h3>\n<h1 style=\"text-align: center; line-height: 0.5;\"><span style=\"color: #112e1a;\">El Gnomo<\/span><\/h1>\n\n\t\t<\/div>\n\t<\/div>\n<\/div><\/div><\/div><\/div><\/div><\/div><\/div><\/div><div class=\"vc_row-full-width vc_clearfix\"><\/div><div data-vc-full-width=\"true\" data-vc-full-width-init=\"false\" data-vc-stretch-content=\"true\" class=\"vc_row wpb_row vc_row-fluid vc_custom_1616030128752 vc_row-has-fill vc_row-o-content-middle vc_row-flex\"><div class=\"wpb_column vc_column_container vc_col-sm-12 vc_hidden-xs\"><div class=\"vc_column-inner\"><div class=\"wpb_wrapper\">\n\t<div  class=\"wpb_single_image wpb_content_element vc_align_center  vc_custom_1616031876661\">\n\t\t\n\t\t<figure class=\"wpb_wrapper vc_figure\">\n\t\t\t<div class=\"vc_single_image-wrapper   vc_box_border_grey\"><img decoding=\"async\" width=\"523\" height=\"457\" src=\"https:\/\/gowiththegnome.com\/wp-content\/uploads\/2021\/05\/gnome-peek_info-bg-ES-1.png\" class=\"vc_single_image-img attachment-full\" alt=\"\" srcset=\"https:\/\/gowiththegnome.com\/wp-content\/uploads\/2021\/05\/gnome-peek_info-bg-ES-1.png 523w, https:\/\/gowiththegnome.com\/wp-content\/uploads\/2021\/05\/gnome-peek_info-bg-ES-1-300x262.png 300w, https:\/\/gowiththegnome.com\/wp-content\/uploads\/2021\/05\/gnome-peek_info-bg-ES-1-14x12.png 14w\" sizes=\"(max-width: 523px) 100vw, 523px\" \/><\/div>\n\t\t<\/figure>\n\t<\/div>\n<div class=\"vc_row wpb_row vc_inner vc_row-fluid vc_custom_1616026740085 vc_row-has-fill\"><div class=\"wpb_column vc_column_container vc_col-sm-12\"><div class=\"vc_column-inner\"><div class=\"wpb_wrapper\">\n\t<div class=\"wpb_text_column wpb_content_element  vc_custom_1616027873290\" >\n\t\t<div class=\"wpb_wrapper\">\n\t\t\t<h3 style=\"text-align: center; line-height: 0.5;\"><span style=\"color: #112e1a;\">Escoge a<\/span><\/h3>\n<h1 style=\"text-align: center; line-height: 0.5;\"><span style=\"color: #112e1a;\">El Gnomo<\/span><\/h1>\n\n\t\t<\/div>\n\t<\/div>\n<\/div><\/div><\/div><\/div><\/div><\/div><\/div><\/div><div class=\"vc_row-full-width vc_clearfix\"><\/div>","protected":false},"excerpt":{"rendered":"Hi, here you can reach out to us for any inquiry To inquire about our services, contact us below. One of our friendly Sales Representatives will contact you to arrange an appointment or answer any questions you have that aren\u2019t covered here on our web site Sanford 370 Monroe Rd, FL 32771 United States of [...]","protected":false},"author":1,"featured_media":0,"parent":0,"menu_order":0,"comment_status":"closed","ping_status":"closed","template":"template-fullwidth.php","meta":{"_monsterinsights_skip_tracking":false,"_monsterinsights_sitenote_active":false,"_monsterinsights_sitenote_note":"","_monsterinsights_sitenote_category":0,"_uf_show_specific_survey":0,"_uf_disable_surveys":false,"footnotes":""},"class_list":["post-2339","page","type-page","status-publish","hentry"],"yoast_head":"<!-- This site is optimized with the Yoast SEO plugin v27.0 - https:\/\/yoast.com\/product\/yoast-seo-wordpress\/ -->\n<title>Get in Touch - Turfmaster L&amp;O Care<\/title>\n<meta name=\"description\" content=\"Turfmaster L&amp;O Care - To inquire about our services, contact us. One of our friendly Sales Representatives will contact you to answer any questions you may have.\" \/>\n<meta name=\"robots\" content=\"index, follow, max-snippet:-1, max-image-preview:large, max-video-preview:-1\" \/>\n<link rel=\"canonical\" href=\"https:\/\/gowiththegnome.com\/es\/contact-us\/\" \/>\n<meta property=\"og:locale\" content=\"es_MX\" \/>\n<meta property=\"og:type\" content=\"article\" \/>\n<meta property=\"og:title\" content=\"Get in Touch - Turfmaster L&amp;O Care\" \/>\n<meta property=\"og:description\" content=\"Turfmaster L&amp;O Care - To inquire about our services, contact us. One of our friendly Sales Representatives will contact you to answer any questions you may have.\" \/>\n<meta property=\"og:url\" content=\"https:\/\/gowiththegnome.com\/es\/contact-us\/\" \/>\n<meta property=\"og:site_name\" content=\"Turfmaster L&amp;O Care\" \/>\n<meta property=\"article:publisher\" content=\"https:\/\/www.facebook.com\/turfmasterlawn\" \/>\n<meta property=\"article:modified_time\" content=\"2021-06-15T16:08:44+00:00\" \/>\n<meta name=\"twitter:card\" content=\"summary_large_image\" \/>\n<meta name=\"twitter:label1\" content=\"Tiempo de lectura\" \/>\n\t<meta name=\"twitter:data1\" content=\"2 minutos\" \/>\n<script type=\"application\/ld+json\" class=\"yoast-schema-graph\">{\"@context\":\"https:\/\/schema.org\",\"@graph\":[{\"@type\":\"WebPage\",\"@id\":\"https:\/\/gowiththegnome.com\/contact-us\/\",\"url\":\"https:\/\/gowiththegnome.com\/contact-us\/\",\"name\":\"Get in Touch - Turfmaster L&amp;O Care\",\"isPartOf\":{\"@id\":\"https:\/\/gowiththegnome.com\/#website\"},\"datePublished\":\"2021-03-19T17:37:53+00:00\",\"dateModified\":\"2021-06-15T16:08:44+00:00\",\"description\":\"Turfmaster L&amp;O Care - To inquire about our services, contact us. One of our friendly Sales Representatives will contact you to answer any questions you may have.\",\"breadcrumb\":{\"@id\":\"https:\/\/gowiththegnome.com\/contact-us\/#breadcrumb\"},\"inLanguage\":\"es\",\"potentialAction\":[{\"@type\":\"ReadAction\",\"target\":[\"https:\/\/gowiththegnome.com\/contact-us\/\"]}]},{\"@type\":\"BreadcrumbList\",\"@id\":\"https:\/\/gowiththegnome.com\/contact-us\/#breadcrumb\",\"itemListElement\":[{\"@type\":\"ListItem\",\"position\":1,\"name\":\"Home\",\"item\":\"https:\/\/gowiththegnome.com\/\"},{\"@type\":\"ListItem\",\"position\":2,\"name\":\"Get in Touch\"}]},{\"@type\":\"WebSite\",\"@id\":\"https:\/\/gowiththegnome.com\/#website\",\"url\":\"https:\/\/gowiththegnome.com\/\",\"name\":\"Turfmaster\",\"description\":\"\",\"publisher\":{\"@id\":\"https:\/\/gowiththegnome.com\/#organization\"},\"potentialAction\":[{\"@type\":\"SearchAction\",\"target\":{\"@type\":\"EntryPoint\",\"urlTemplate\":\"https:\/\/gowiththegnome.com\/?s={search_term_string}\"},\"query-input\":{\"@type\":\"PropertyValueSpecification\",\"valueRequired\":true,\"valueName\":\"search_term_string\"}}],\"inLanguage\":\"es\"},{\"@type\":\"Organization\",\"@id\":\"https:\/\/gowiththegnome.com\/#organization\",\"name\":\"Turfmaster\",\"url\":\"https:\/\/gowiththegnome.com\/\",\"logo\":{\"@type\":\"ImageObject\",\"inLanguage\":\"es\",\"@id\":\"https:\/\/gowiththegnome.com\/#\/schema\/logo\/image\/\",\"url\":\"https:\/\/gowiththegnome.com\/wp-content\/uploads\/2021\/03\/Turfmaster-Logo-2C.png\",\"contentUrl\":\"https:\/\/gowiththegnome.com\/wp-content\/uploads\/2021\/03\/Turfmaster-Logo-2C.png\",\"width\":500,\"height\":82,\"caption\":\"Turfmaster\"},\"image\":{\"@id\":\"https:\/\/gowiththegnome.com\/#\/schema\/logo\/image\/\"},\"sameAs\":[\"https:\/\/www.facebook.com\/turfmasterlawn\",\"https:\/\/www.instagram.com\/turfmasterfl\/\",\"https:\/\/www.youtube.com\/channel\/UCf1wKFX0NSjHbGJ-QLb3M5Q\"]}]}<\/script>\n<!-- \/ Yoast SEO plugin. -->","yoast_head_json":{"title":"Get in Touch - Turfmaster L&amp;O Care","description":"Turfmaster L&amp;O Care - To inquire about our services, contact us. One of our friendly Sales Representatives will contact you to answer any questions you may have.","robots":{"index":"index","follow":"follow","max-snippet":"max-snippet:-1","max-image-preview":"max-image-preview:large","max-video-preview":"max-video-preview:-1"},"canonical":"https:\/\/gowiththegnome.com\/es\/contact-us\/","og_locale":"es_MX","og_type":"article","og_title":"Get in Touch - Turfmaster L&amp;O Care","og_description":"Turfmaster L&amp;O Care - To inquire about our services, contact us. One of our friendly Sales Representatives will contact you to answer any questions you may have.","og_url":"https:\/\/gowiththegnome.com\/es\/contact-us\/","og_site_name":"Turfmaster L&amp;O Care","article_publisher":"https:\/\/www.facebook.com\/turfmasterlawn","article_modified_time":"2021-06-15T16:08:44+00:00","twitter_card":"summary_large_image","twitter_misc":{"Tiempo de lectura":"2 minutos"},"schema":{"@context":"https:\/\/schema.org","@graph":[{"@type":"WebPage","@id":"https:\/\/gowiththegnome.com\/contact-us\/","url":"https:\/\/gowiththegnome.com\/contact-us\/","name":"Get in Touch - Turfmaster L&amp;O Care","isPartOf":{"@id":"https:\/\/gowiththegnome.com\/#website"},"datePublished":"2021-03-19T17:37:53+00:00","dateModified":"2021-06-15T16:08:44+00:00","description":"Turfmaster L&amp;O Care - To inquire about our services, contact us. One of our friendly Sales Representatives will contact you to answer any questions you may have.","breadcrumb":{"@id":"https:\/\/gowiththegnome.com\/contact-us\/#breadcrumb"},"inLanguage":"es","potentialAction":[{"@type":"ReadAction","target":["https:\/\/gowiththegnome.com\/contact-us\/"]}]},{"@type":"BreadcrumbList","@id":"https:\/\/gowiththegnome.com\/contact-us\/#breadcrumb","itemListElement":[{"@type":"ListItem","position":1,"name":"Home","item":"https:\/\/gowiththegnome.com\/"},{"@type":"ListItem","position":2,"name":"Get in Touch"}]},{"@type":"WebSite","@id":"https:\/\/gowiththegnome.com\/#website","url":"https:\/\/gowiththegnome.com\/","name":"Turfmaster","description":"","publisher":{"@id":"https:\/\/gowiththegnome.com\/#organization"},"potentialAction":[{"@type":"SearchAction","target":{"@type":"EntryPoint","urlTemplate":"https:\/\/gowiththegnome.com\/?s={search_term_string}"},"query-input":{"@type":"PropertyValueSpecification","valueRequired":true,"valueName":"search_term_string"}}],"inLanguage":"es"},{"@type":"Organization","@id":"https:\/\/gowiththegnome.com\/#organization","name":"Turfmaster","url":"https:\/\/gowiththegnome.com\/","logo":{"@type":"ImageObject","inLanguage":"es","@id":"https:\/\/gowiththegnome.com\/#\/schema\/logo\/image\/","url":"https:\/\/gowiththegnome.com\/wp-content\/uploads\/2021\/03\/Turfmaster-Logo-2C.png","contentUrl":"https:\/\/gowiththegnome.com\/wp-content\/uploads\/2021\/03\/Turfmaster-Logo-2C.png","width":500,"height":82,"caption":"Turfmaster"},"image":{"@id":"https:\/\/gowiththegnome.com\/#\/schema\/logo\/image\/"},"sameAs":["https:\/\/www.facebook.com\/turfmasterlawn","https:\/\/www.instagram.com\/turfmasterfl\/","https:\/\/www.youtube.com\/channel\/UCf1wKFX0NSjHbGJ-QLb3M5Q"]}]}},"_links":{"self":[{"href":"https:\/\/gowiththegnome.com\/es\/wp-json\/wp\/v2\/pages\/2339","targetHints":{"allow":["GET"]}}],"collection":[{"href":"https:\/\/gowiththegnome.com\/es\/wp-json\/wp\/v2\/pages"}],"about":[{"href":"https:\/\/gowiththegnome.com\/es\/wp-json\/wp\/v2\/types\/page"}],"author":[{"embeddable":true,"href":"https:\/\/gowiththegnome.com\/es\/wp-json\/wp\/v2\/users\/1"}],"replies":[{"embeddable":true,"href":"https:\/\/gowiththegnome.com\/es\/wp-json\/wp\/v2\/comments?post=2339"}],"version-history":[{"count":0,"href":"https:\/\/gowiththegnome.com\/es\/wp-json\/wp\/v2\/pages\/2339\/revisions"}],"wp:attachment":[{"href":"https:\/\/gowiththegnome.com\/es\/wp-json\/wp\/v2\/media?parent=2339"}],"curies":[{"name":"wp","href":"https:\/\/api.w.org\/{rel}","templated":true}]}}